{"id":320,"date":"2015-10-13T09:14:36","date_gmt":"2015-10-13T09:14:36","guid":{"rendered":"http:\/\/tschuggenweg.ch\/wp\/?page_id=320"},"modified":"2025-11-11T09:17:37","modified_gmt":"2025-11-11T09:17:37","slug":"wohnung-2","status":"publish","type":"page","link":"https:\/\/www.tschuggenweg.ch\/wp\/?page_id=320&lang=de","title":{"rendered":"Wohnung 2"},"content":{"rendered":"<style type=\"text\/css\">#soliloquy-container-125 { margin: 40px 0; }<\/style><div class=\"soliloquy-outer-container\" data-soliloquy-loaded=\"0\"><div aria-live=\"polite\" id=\"soliloquy-container-322\" class=\"soliloquy-container soliloquy-transition-horizontal soliloquy-slide-horizontal soliloquy-arrows-active  soliloquy-theme-base soliloquy-rtl\" style=\"max-width:1500px;max-height:800px;max-width:100%;max-height:none;\"><ul id=\"soliloquy-322\" class=\"soliloquy-slider soliloquy-slides soliloquy-wrap soliloquy-clear\"><li aria-hidden=\"true\" class=\"soliloquy-item soliloquy-item-1 soliloquy-id-2680 soliloquy-image-slide\" draggable=\"false\" style=\"list-style:none;\"><a href=\"http:\/\/tschuggenweg.ch\/wp\/wp-content\/uploads\/2018\/12\/Whg2-04-2.jpg\" class=\"soliloquy-link\" title=\"Whg2-04-2\" rel=\"soliloquybox322\"><img decoding=\"async\" id=\"soliloquy-image-2680\" class=\"soliloquy-image soliloquy-image-1\" src=\"https:\/\/www.tschuggenweg.ch\/wp\/wp-content\/uploads\/2018\/12\/Whg2-04-2-1500x1000_c.jpg\" alt=\"Whg2-04-2\" data-soliloquy-src-mobile=\"https:\/\/www.tschuggenweg.ch\/wp\/wp-content\/uploads\/2018\/12\/Whg2-04-2-1500x1000_c.jpg\" \/><\/a><\/li><li aria-hidden=\"true\" class=\"soliloquy-item soliloquy-item-2 soliloquy-id-2682 soliloquy-image-slide\" draggable=\"false\" style=\"list-style:none;\"><a href=\"http:\/\/tschuggenweg.ch\/wp\/wp-content\/uploads\/2018\/12\/Whg2-07.jpg\" class=\"soliloquy-link\" title=\"Whg2-07\" rel=\"soliloquybox322\"><img decoding=\"async\" id=\"soliloquy-image-2682\" class=\"soliloquy-image soliloquy-image-2\" src=\"https:\/\/www.tschuggenweg.ch\/wp\/wp-content\/uploads\/2018\/12\/Whg2-07-1500x1000_c.jpg\" alt=\"Whg2-07\" data-soliloquy-src-mobile=\"https:\/\/www.tschuggenweg.ch\/wp\/wp-content\/uploads\/2018\/12\/Whg2-07-1500x1000_c.jpg\" \/><\/a><\/li><li aria-hidden=\"true\" class=\"soliloquy-item soliloquy-item-3 soliloquy-id-2679 soliloquy-image-slide\" draggable=\"false\" style=\"list-style:none;\"><a href=\"http:\/\/tschuggenweg.ch\/wp\/wp-content\/uploads\/2018\/12\/Whg2-02.jpg\" class=\"soliloquy-link\" title=\"Whg2-02\" rel=\"soliloquybox322\"><img decoding=\"async\" id=\"soliloquy-image-2679\" class=\"soliloquy-image soliloquy-image-3\" src=\"https:\/\/www.tschuggenweg.ch\/wp\/wp-content\/uploads\/2018\/12\/Whg2-02-1500x1000_c.jpg\" alt=\"Whg2-02\" data-soliloquy-src-mobile=\"https:\/\/www.tschuggenweg.ch\/wp\/wp-content\/uploads\/2018\/12\/Whg2-02-1500x1000_c.jpg\" \/><\/a><\/li><li aria-hidden=\"true\" class=\"soliloquy-item soliloquy-item-4 soliloquy-id-2683 soliloquy-image-slide\" draggable=\"false\" style=\"list-style:none;\"><a href=\"http:\/\/tschuggenweg.ch\/wp\/wp-content\/uploads\/2018\/12\/Whg2-08-2.jpg\" class=\"soliloquy-link\" title=\"Whg2-08-2\" rel=\"soliloquybox322\"><img decoding=\"async\" id=\"soliloquy-image-2683\" class=\"soliloquy-image soliloquy-image-4\" src=\"https:\/\/www.tschuggenweg.ch\/wp\/wp-content\/uploads\/2018\/12\/Whg2-08-2-1500x1000_c.jpg\" alt=\"Whg2-08-2\" data-soliloquy-src-mobile=\"https:\/\/www.tschuggenweg.ch\/wp\/wp-content\/uploads\/2018\/12\/Whg2-08-2-1500x1000_c.jpg\" \/><\/a><\/li><li aria-hidden=\"true\" class=\"soliloquy-item soliloquy-item-5 soliloquy-id-346 soliloquy-image-slide\" draggable=\"false\" style=\"list-style:none;\"><a href=\"http:\/\/tschuggenweg.ch\/wp\/wp-content\/uploads\/2015\/10\/schlafzimmer_wohnung_21.jpg\" class=\"soliloquy-link\" title=\"schlafzimmer_wohnung_2\" rel=\"soliloquybox322\"><img decoding=\"async\" id=\"soliloquy-image-346\" class=\"soliloquy-image soliloquy-image-5\" src=\"https:\/\/www.tschuggenweg.ch\/wp\/wp-content\/uploads\/2015\/10\/schlafzimmer_wohnung_21-1500x1000_c.jpg\" alt=\"schlafzimmer_wohnung_2\" data-soliloquy-src-mobile=\"https:\/\/www.tschuggenweg.ch\/wp\/wp-content\/uploads\/2015\/10\/schlafzimmer_wohnung_21-1500x1000_c.jpg\" \/><\/a><\/li><li aria-hidden=\"true\" class=\"soliloquy-item soliloquy-item-6 soliloquy-id-347 soliloquy-image-slide\" draggable=\"false\" style=\"list-style:none;\"><a href=\"http:\/\/tschuggenweg.ch\/wp\/wp-content\/uploads\/2015\/10\/schlafzimmerwohnung2.jgp_1.jpg\" class=\"soliloquy-link\" title=\"schlafzimmerwohnung2.jgp\" rel=\"soliloquybox322\"><img decoding=\"async\" id=\"soliloquy-image-347\" class=\"soliloquy-image soliloquy-image-6\" src=\"https:\/\/www.tschuggenweg.ch\/wp\/wp-content\/uploads\/2015\/10\/schlafzimmerwohnung2.jgp_1-1500x1000_c.jpg\" alt=\"schlafzimmerwohnung2.jgp\" data-soliloquy-src-mobile=\"https:\/\/www.tschuggenweg.ch\/wp\/wp-content\/uploads\/2015\/10\/schlafzimmerwohnung2.jgp_1-1500x1000_c.jpg\" \/><\/a><\/li><li aria-hidden=\"true\" class=\"soliloquy-item soliloquy-item-7 soliloquy-id-2685 soliloquy-image-slide\" draggable=\"false\" style=\"list-style:none;\"><a href=\"http:\/\/tschuggenweg.ch\/wp\/wp-content\/uploads\/2018\/12\/Whg2-12.jpg\" class=\"soliloquy-link\" title=\"Whg2-12\" rel=\"soliloquybox322\"><img decoding=\"async\" id=\"soliloquy-image-2685\" class=\"soliloquy-image soliloquy-image-7\" src=\"https:\/\/www.tschuggenweg.ch\/wp\/wp-content\/uploads\/2018\/12\/Whg2-12-1500x1000_c.jpg\" alt=\"Whg2-12\" data-soliloquy-src-mobile=\"https:\/\/www.tschuggenweg.ch\/wp\/wp-content\/uploads\/2018\/12\/Whg2-12-1500x1000_c.jpg\" \/><\/a><\/li><li aria-hidden=\"true\" class=\"soliloquy-item soliloquy-item-8 soliloquy-id-348 soliloquy-image-slide\" draggable=\"false\" style=\"list-style:none;\"><a href=\"http:\/\/tschuggenweg.ch\/wp\/wp-content\/uploads\/2015\/10\/terrasse_wohnung21.jpg\" class=\"soliloquy-link\" title=\"terrasse_wohnung2\" rel=\"soliloquybox322\"><img decoding=\"async\" id=\"soliloquy-image-348\" class=\"soliloquy-image soliloquy-image-8\" src=\"https:\/\/www.tschuggenweg.ch\/wp\/wp-content\/uploads\/2015\/10\/terrasse_wohnung21-1500x1000_c.jpg\" alt=\"terrasse_wohnung2\" data-soliloquy-src-mobile=\"https:\/\/www.tschuggenweg.ch\/wp\/wp-content\/uploads\/2015\/10\/terrasse_wohnung21-1500x1000_c.jpg\" \/><\/a><\/li><li aria-hidden=\"true\" class=\"soliloquy-item soliloquy-item-9 soliloquy-id-341 soliloquy-image-slide\" draggable=\"false\" style=\"list-style:none;\"><a href=\"http:\/\/tschuggenweg.ch\/wp\/wp-content\/uploads\/2015\/10\/aussicht_wohnung_21.jpg\" class=\"soliloquy-link\" title=\"aussicht_wohnung_2\" rel=\"soliloquybox322\"><img decoding=\"async\" id=\"soliloquy-image-341\" class=\"soliloquy-image soliloquy-image-9\" src=\"https:\/\/www.tschuggenweg.ch\/wp\/wp-content\/uploads\/2015\/10\/aussicht_wohnung_21-1500x1000_c.jpg\" alt=\"aussicht_wohnung_2\" data-soliloquy-src-mobile=\"https:\/\/www.tschuggenweg.ch\/wp\/wp-content\/uploads\/2015\/10\/aussicht_wohnung_21-1500x1000_c.jpg\" \/><\/a><\/li><\/ul><\/div><noscript><style type=\"text\/css\">#soliloquy-container-322{opacity:1}#soliloquy-container-322 li > .soliloquy-caption{display:none}#soliloquy-container-322 li:first-child > .soliloquy-caption{display:block}<\/style><div class=\"soliloquy-no-js\" style=\"display:none;visibility:hidden;height:0;line-height:0;opacity:0;\"><img decoding=\"async\" class=\"soliloquy-image soliloquy-no-js-image\" src=\"https:\/\/www.tschuggenweg.ch\/wp\/wp-content\/uploads\/2018\/12\/Whg2-04-2.jpg\" alt=\"Whg2-04-2\" \/><img decoding=\"async\" class=\"soliloquy-image soliloquy-no-js-image\" src=\"https:\/\/www.tschuggenweg.ch\/wp\/wp-content\/uploads\/2018\/12\/Whg2-07.jpg\" alt=\"Whg2-07\" \/><img decoding=\"async\" class=\"soliloquy-image soliloquy-no-js-image\" src=\"https:\/\/www.tschuggenweg.ch\/wp\/wp-content\/uploads\/2018\/12\/Whg2-02.jpg\" alt=\"Whg2-02\" \/><img decoding=\"async\" class=\"soliloquy-image soliloquy-no-js-image\" src=\"https:\/\/www.tschuggenweg.ch\/wp\/wp-content\/uploads\/2018\/12\/Whg2-08-2.jpg\" alt=\"Whg2-08-2\" \/><img decoding=\"async\" class=\"soliloquy-image soliloquy-no-js-image\" src=\"https:\/\/www.tschuggenweg.ch\/wp\/wp-content\/uploads\/2015\/10\/schlafzimmer_wohnung_21.jpg\" alt=\"schlafzimmer_wohnung_2\" \/><img decoding=\"async\" class=\"soliloquy-image soliloquy-no-js-image\" src=\"https:\/\/www.tschuggenweg.ch\/wp\/wp-content\/uploads\/2015\/10\/schlafzimmerwohnung2.jgp_1.jpg\" alt=\"schlafzimmerwohnung2.jgp\" \/><img decoding=\"async\" class=\"soliloquy-image soliloquy-no-js-image\" src=\"https:\/\/www.tschuggenweg.ch\/wp\/wp-content\/uploads\/2018\/12\/Whg2-12.jpg\" alt=\"Whg2-12\" \/><img decoding=\"async\" class=\"soliloquy-image soliloquy-no-js-image\" src=\"https:\/\/www.tschuggenweg.ch\/wp\/wp-content\/uploads\/2015\/10\/terrasse_wohnung21.jpg\" alt=\"terrasse_wohnung2\" \/><img decoding=\"async\" class=\"soliloquy-image soliloquy-no-js-image\" src=\"https:\/\/www.tschuggenweg.ch\/wp\/wp-content\/uploads\/2015\/10\/aussicht_wohnung_21.jpg\" alt=\"aussicht_wohnung_2\" \/><\/div><\/noscript><\/div>\n\n\n\n<br><br>\n\n\n\n<h2 class=\"wp-block-heading\">2-Zimmer-Ferienwohnung mit 35 m2 Netto-Wohnfl\u00e4che<figure><a href=\"http:\/\/tschuggenweg.ch\/wp\/wp-content\/uploads\/2015\/10\/02.jpg\"><img loading=\"lazy\" decoding=\"async\" class=\"alignright wp-image-569\" src=\"http:\/\/tschuggenweg.ch\/wp\/wp-content\/uploads\/2015\/10\/02-900x896.jpg\" alt=\"02\" width=\"250\" height=\"249\" srcset=\"https:\/\/www.tschuggenweg.ch\/wp\/wp-content\/uploads\/2015\/10\/02-900x896.jpg 900w, https:\/\/www.tschuggenweg.ch\/wp\/wp-content\/uploads\/2015\/10\/02-185x184.jpg 185w, https:\/\/www.tschuggenweg.ch\/wp\/wp-content\/uploads\/2015\/10\/02-144x144.jpg 144w, https:\/\/www.tschuggenweg.ch\/wp\/wp-content\/uploads\/2015\/10\/02.jpg 1000w\" sizes=\"auto, (max-width: 250px) 100vw, 250px\" \/><\/a><\/figure><\/h2>\n\n\n\n<h1 class=\"wp-block-heading\">Maximalbelegung 3 Personen plus Kleinkind.<\/h1>\n\n\n\n<p>Im 1. Stock \/ Erdgeschoss nach S\u00fcden und Westen. Neue Einbauk\u00fcche mit Induktionsherd, Mikrowellen-Ofen und Arbeitsfl\u00e4che in Granit, K\u00fchlschrank mit Tiefk\u00fchlfach. Nespresso-Kaffeemaschine. Flat-TV mit Radio und gratis W-Lan. Esstisch f\u00fcr 4 Personen. Polsterecke mit Sofa, das zu zwei Einzelbetten (2 m lang) umfunktioniert werden kann. Neue Dusche\/WC. Schlafzimmer mit 2 Betten plus Gitterbett f\u00fcr Kleinkind (120 cm). Korkb\u00f6den. Sonnige Terrasse nach S\u00fcden<\/p>\n\n\n\n<p class=\"has-text-align-center\"><\/p>\n\n\n\n<div class=\"wp-block-buttons is-layout-flex wp-block-buttons-is-layout-flex\">\n<div class=\"wp-block-button\"><a class=\"wp-block-button__link wp-element-button\" href=\"https:\/\/bergluft-arosa.ch\/ferienwohnung\/tschuggenweg-2\/\">Verf\u00fcgbarkeit und Buchung<\/a><\/div>\n<\/div>\n\n\n\n\n\n\n\n\n","protected":false},"excerpt":{"rendered":"<p>2-Zimmer-Ferienwohnung mit 35 m2 Netto-Wohnfl\u00e4che Maximalbelegung 3 Personen plus Kleinkind. Im 1. Stock \/ Erdgeschoss nach S\u00fcden und Westen. Neue Einbauk\u00fcche mit Induktionsherd, Mikrowellen-Ofen und Arbeitsfl\u00e4che in Granit, K\u00fchlschrank mit Tiefk\u00fchlfach. Nespresso-Kaffeemaschine. Flat-TV mit Radio und gratis W-Lan. Esstisch f\u00fcr 4 Personen. Polsterecke mit Sofa, das zu zwei Einzelbetten (2 m lang) umfunktioniert werden kann. &#8230; <a title=\"Wohnung 2\" class=\"read-more\" href=\"https:\/\/www.tschuggenweg.ch\/wp\/?page_id=320&#038;lang=de\" aria-label=\"Mehr Informationen \u00fcber Wohnung 2\">Weiterlesen<\/a><\/p>\n","protected":false},"author":1,"featured_media":0,"parent":0,"menu_order":0,"comment_status":"closed","ping_status":"closed","template":"","meta":{"generate_page_header":"","footnotes":""},"class_list":["post-320","page","type-page","status-publish"],"_links":{"self":[{"href":"https:\/\/www.tschuggenweg.ch\/wp\/index.php?rest_route=\/wp\/v2\/pages\/320","targetHints":{"allow":["GET"]}}],"collection":[{"href":"https:\/\/www.tschuggenweg.ch\/wp\/index.php?rest_route=\/wp\/v2\/pages"}],"about":[{"href":"https:\/\/www.tschuggenweg.ch\/wp\/index.php?rest_route=\/wp\/v2\/types\/page"}],"author":[{"embeddable":true,"href":"https:\/\/www.tschuggenweg.ch\/wp\/index.php?rest_route=\/wp\/v2\/users\/1"}],"replies":[{"embeddable":true,"href":"https:\/\/www.tschuggenweg.ch\/wp\/index.php?rest_route=%2Fwp%2Fv2%2Fcomments&post=320"}],"version-history":[{"count":69,"href":"https:\/\/www.tschuggenweg.ch\/wp\/index.php?rest_route=\/wp\/v2\/pages\/320\/revisions"}],"predecessor-version":[{"id":3142,"href":"https:\/\/www.tschuggenweg.ch\/wp\/index.php?rest_route=\/wp\/v2\/pages\/320\/revisions\/3142"}],"wp:attachment":[{"href":"https:\/\/www.tschuggenweg.ch\/wp\/index.php?rest_route=%2Fwp%2Fv2%2Fmedia&parent=320"}],"curies":[{"name":"wp","href":"https:\/\/api.w.org\/{rel}","templated":true}]}}