{"id":424,"date":"2015-11-03T13:56:06","date_gmt":"2015-11-03T13:56:06","guid":{"rendered":"http:\/\/tschuggenweg.ch\/wp\/?page_id=424"},"modified":"2024-01-10T10:34:00","modified_gmt":"2024-01-10T10:34:00","slug":"fakten-und-infrastruktur","status":"publish","type":"page","link":"https:\/\/www.tschuggenweg.ch\/wp\/?page_id=424&lang=de","title":{"rendered":"Fakten und Infrastruktur"},"content":{"rendered":"<h5><style type=\"text\/css\">#soliloquy-container-125 { margin: 40px 0; }<\/style><div class=\"soliloquy-outer-container\" data-soliloquy-loaded=\"0\"><div aria-live=\"polite\" id=\"soliloquy-container-399\" class=\"soliloquy-container soliloquy-transition-horizontal soliloquy-slide-horizontal soliloquy-arrows-active  soliloquy-theme-base\" style=\"max-width:1500px;max-height:800px;max-width:100%;max-height:none;\"><ul id=\"soliloquy-399\" class=\"soliloquy-slider soliloquy-slides soliloquy-wrap soliloquy-clear\"><li aria-hidden=\"true\" class=\"soliloquy-item soliloquy-item-1 soliloquy-id-420 soliloquy-image-slide\" draggable=\"false\" style=\"list-style:none;\"><a href=\"http:\/\/tschuggenweg.ch\/wp\/wp-content\/uploads\/2015\/11\/garageneinfahrt.jpg\" class=\"soliloquy-link\" title=\"garageneinfahrt\" rel=\"soliloquybox399\" data-soliloquy-lightbox-caption=\"Frostsichere Tiefgarage\"><img decoding=\"async\" id=\"soliloquy-image-420\" class=\"soliloquy-image soliloquy-image-1\" src=\"https:\/\/www.tschuggenweg.ch\/wp\/wp-content\/uploads\/2015\/11\/garageneinfahrt-1500x1000_c.jpg\" alt=\"garageneinfahrt\" \/><\/a><div class=\"soliloquy-caption soliloquy-caption-bottom\"><div class=\"soliloquy-caption-inside\">Frostsichere Tiefgarage<\/div><\/div><\/li><li aria-hidden=\"true\" class=\"soliloquy-item soliloquy-item-2 soliloquy-id-423 soliloquy-image-slide\" draggable=\"false\" style=\"list-style:none;\"><a href=\"http:\/\/tschuggenweg.ch\/wp\/wp-content\/uploads\/2015\/11\/skiraum_bikeraum.jpg\" class=\"soliloquy-link\" title=\"skiraum_bikeraum\" rel=\"soliloquybox399\" data-soliloquy-lightbox-caption=\"Ski und Bikeraum\"><img decoding=\"async\" id=\"soliloquy-image-423\" class=\"soliloquy-image soliloquy-image-2\" src=\"https:\/\/www.tschuggenweg.ch\/wp\/wp-content\/uploads\/2015\/11\/skiraum_bikeraum-1500x1000_c.jpg\" alt=\"skiraum_bikeraum\" \/><\/a><div class=\"soliloquy-caption soliloquy-caption-bottom\"><div class=\"soliloquy-caption-inside\">Ski und Bikeraum<\/div><\/div><\/li><li aria-hidden=\"true\" class=\"soliloquy-item soliloquy-item-3 soliloquy-id-421 soliloquy-image-slide\" draggable=\"false\" style=\"list-style:none;\"><a href=\"http:\/\/tschuggenweg.ch\/wp\/wp-content\/uploads\/2015\/11\/garageneinfahrt_briefkasten.jpg\" class=\"soliloquy-link\" title=\"garageneinfahrt_briefkasten\" rel=\"soliloquybox399\" data-soliloquy-lightbox-caption=\"Einfahrt Tiefgarage 1.95m\"><img decoding=\"async\" id=\"soliloquy-image-421\" class=\"soliloquy-image soliloquy-image-3\" src=\"https:\/\/www.tschuggenweg.ch\/wp\/wp-content\/uploads\/2015\/11\/garageneinfahrt_briefkasten-1500x1000_c.jpg\" alt=\"garageneinfahrt_briefkasten\" \/><\/a><div class=\"soliloquy-caption soliloquy-caption-bottom\"><div class=\"soliloquy-caption-inside\">Einfahrt Tiefgarage 1.95m<\/div><\/div><\/li><li aria-hidden=\"true\" class=\"soliloquy-item soliloquy-item-4 soliloquy-id-416 soliloquy-image-slide\" draggable=\"false\" style=\"list-style:none;\"><a href=\"http:\/\/tschuggenweg.ch\/wp\/wp-content\/uploads\/2015\/11\/Aussen-So-2.jpg\" class=\"soliloquy-link\" title=\"Aussen So 2\" rel=\"soliloquybox399\"><img decoding=\"async\" id=\"soliloquy-image-416\" class=\"soliloquy-image soliloquy-image-4\" src=\"https:\/\/www.tschuggenweg.ch\/wp\/wp-content\/uploads\/2015\/11\/Aussen-So-2-1500x1000_c.jpg\" alt=\"Aussen So 2\" \/><\/a><\/li><li aria-hidden=\"true\" class=\"soliloquy-item soliloquy-item-5 soliloquy-id-417 soliloquy-image-slide\" draggable=\"false\" style=\"list-style:none;\"><a href=\"http:\/\/tschuggenweg.ch\/wp\/wp-content\/uploads\/2015\/11\/aussenansicht_sommer.jpg\" class=\"soliloquy-link\" title=\"aussenansicht_sommer\" rel=\"soliloquybox399\"><img decoding=\"async\" id=\"soliloquy-image-417\" class=\"soliloquy-image soliloquy-image-5\" src=\"https:\/\/www.tschuggenweg.ch\/wp\/wp-content\/uploads\/2015\/11\/aussenansicht_sommer-1500x1000_c.jpg\" alt=\"aussenansicht_sommer\" \/><\/a><\/li><li aria-hidden=\"true\" class=\"soliloquy-item soliloquy-item-6 soliloquy-id-419 soliloquy-image-slide\" draggable=\"false\" style=\"list-style:none;\"><a href=\"http:\/\/tschuggenweg.ch\/wp\/wp-content\/uploads\/2015\/11\/Eingang-Seite-Tschuggentor.jpg\" class=\"soliloquy-link\" title=\"Eingang Seite Tschuggentor\" rel=\"soliloquybox399\"><img decoding=\"async\" id=\"soliloquy-image-419\" class=\"soliloquy-image soliloquy-image-6\" src=\"https:\/\/www.tschuggenweg.ch\/wp\/wp-content\/uploads\/2015\/11\/Eingang-Seite-Tschuggentor-1500x1000_c.jpg\" alt=\"Eingang Seite Tschuggentor\" \/><\/a><\/li><\/ul><\/div><noscript><style type=\"text\/css\">#soliloquy-container-399{opacity:1}#soliloquy-container-399 li > .soliloquy-caption{display:none}#soliloquy-container-399 li:first-child > .soliloquy-caption{display:block}<\/style><div class=\"soliloquy-no-js\" style=\"display:none;visibility:hidden;height:0;line-height:0;opacity:0;\"><img decoding=\"async\" class=\"soliloquy-image soliloquy-no-js-image\" src=\"https:\/\/www.tschuggenweg.ch\/wp\/wp-content\/uploads\/2015\/11\/garageneinfahrt.jpg\" alt=\"garageneinfahrt\" \/><img decoding=\"async\" class=\"soliloquy-image soliloquy-no-js-image\" src=\"https:\/\/www.tschuggenweg.ch\/wp\/wp-content\/uploads\/2015\/11\/skiraum_bikeraum.jpg\" alt=\"skiraum_bikeraum\" \/><img decoding=\"async\" class=\"soliloquy-image soliloquy-no-js-image\" src=\"https:\/\/www.tschuggenweg.ch\/wp\/wp-content\/uploads\/2015\/11\/garageneinfahrt_briefkasten.jpg\" alt=\"garageneinfahrt_briefkasten\" \/><img decoding=\"async\" class=\"soliloquy-image soliloquy-no-js-image\" src=\"https:\/\/www.tschuggenweg.ch\/wp\/wp-content\/uploads\/2015\/11\/Aussen-So-2.jpg\" alt=\"Aussen So 2\" \/><img decoding=\"async\" class=\"soliloquy-image soliloquy-no-js-image\" src=\"https:\/\/www.tschuggenweg.ch\/wp\/wp-content\/uploads\/2015\/11\/aussenansicht_sommer.jpg\" alt=\"aussenansicht_sommer\" \/><img decoding=\"async\" class=\"soliloquy-image soliloquy-no-js-image\" src=\"https:\/\/www.tschuggenweg.ch\/wp\/wp-content\/uploads\/2015\/11\/Eingang-Seite-Tschuggentor.jpg\" alt=\"Eingang Seite Tschuggentor\" \/><\/div><\/noscript><\/div><br \/>\nInfrastruktur:<\/h5>\n<div class=\"column\">\n<p>F\u00fcr jede Wohnung steht ein Abstellplatz in der frostsicheren Tiefgarage, die durch einen Aufzug mit den Wohngeschossen verbunden ist. Bitte beachten Sie die maximale Einfahrtsh\u00f6he von 195 cm.<br \/>\nEbenso steht ein geheizter Skiraum zur Verf\u00fcgung, den Sie im Sommer f\u00fcr Ihre Bikes ben\u00fctzen k\u00f6nnen und ein Waschraum mit Waschmaschine, Trockner und einer kleinen B\u00fcgelstation. Alle Wohnungen verf\u00fcgen \u00fcber modernes Kabelfernsehen (ca. 80 TV \/ 120 Radiosender), gratis-W-Lan und Einbau-Safe f\u00fcr kleinere Wertsachen.<\/p>\n<\/div>\n","protected":false},"excerpt":{"rendered":"<p>Infrastruktur: F\u00fcr jede Wohnung steht ein Abstellplatz in der frostsicheren Tiefgarage, die durch einen Aufzug mit den Wohngeschossen verbunden ist. Bitte beachten Sie die maximale Einfahrtsh\u00f6he von 195 cm. Ebenso steht ein geheizter Skiraum zur Verf\u00fcgung, den Sie im Sommer f\u00fcr Ihre Bikes ben\u00fctzen k\u00f6nnen und ein Waschraum mit Waschmaschine, Trockner und einer kleinen B\u00fcgelstation. &#8230; <a title=\"Fakten und Infrastruktur\" class=\"read-more\" href=\"https:\/\/www.tschuggenweg.ch\/wp\/?page_id=424&#038;lang=de\" aria-label=\"Mehr Informationen \u00fcber Fakten und Infrastruktur\">Weiterlesen<\/a><\/p>\n","protected":false},"author":1,"featured_media":0,"parent":0,"menu_order":0,"comment_status":"closed","ping_status":"closed","template":"","meta":{"generate_page_header":"","footnotes":""},"class_list":["post-424","page","type-page","status-publish"],"_links":{"self":[{"href":"https:\/\/www.tschuggenweg.ch\/wp\/index.php?rest_route=\/wp\/v2\/pages\/424","targetHints":{"allow":["GET"]}}],"collection":[{"href":"https:\/\/www.tschuggenweg.ch\/wp\/index.php?rest_route=\/wp\/v2\/pages"}],"about":[{"href":"https:\/\/www.tschuggenweg.ch\/wp\/index.php?rest_route=\/wp\/v2\/types\/page"}],"author":[{"embeddable":true,"href":"https:\/\/www.tschuggenweg.ch\/wp\/index.php?rest_route=\/wp\/v2\/users\/1"}],"replies":[{"embeddable":true,"href":"https:\/\/www.tschuggenweg.ch\/wp\/index.php?rest_route=%2Fwp%2Fv2%2Fcomments&post=424"}],"version-history":[{"count":12,"href":"https:\/\/www.tschuggenweg.ch\/wp\/index.php?rest_route=\/wp\/v2\/pages\/424\/revisions"}],"predecessor-version":[{"id":3002,"href":"https:\/\/www.tschuggenweg.ch\/wp\/index.php?rest_route=\/wp\/v2\/pages\/424\/revisions\/3002"}],"wp:attachment":[{"href":"https:\/\/www.tschuggenweg.ch\/wp\/index.php?rest_route=%2Fwp%2Fv2%2Fmedia&parent=424"}],"curies":[{"name":"wp","href":"https:\/\/api.w.org\/{rel}","templated":true}]}}