{"id":65,"date":"2015-09-29T20:54:55","date_gmt":"2015-09-29T20:54:55","guid":{"rendered":"http:\/\/tschuggenweg.ch\/wp\/?page_id=65"},"modified":"2025-11-11T09:48:05","modified_gmt":"2025-11-11T09:48:05","slug":"wohnung-14","status":"publish","type":"page","link":"https:\/\/www.tschuggenweg.ch\/wp\/?page_id=65&lang=de","title":{"rendered":"Wohnung 14"},"content":{"rendered":"<style type=\"text\/css\">#soliloquy-container-125 { margin: 40px 0; }<\/style><div class=\"soliloquy-outer-container\" data-soliloquy-loaded=\"0\"><div aria-live=\"polite\" id=\"soliloquy-container-125\" class=\"soliloquy-container soliloquy-transition-horizontal soliloquy-slide-horizontal soliloquy-arrows-active  soliloquy-theme-base\" style=\"max-width:1200px;max-height:800px;max-width:100%;max-height:none;\"><ul id=\"soliloquy-125\" class=\"soliloquy-slider soliloquy-slides soliloquy-wrap soliloquy-clear\"><li aria-hidden=\"true\" class=\"soliloquy-item soliloquy-item-1 soliloquy-id-2715 soliloquy-image-slide\" draggable=\"false\" style=\"list-style:none;\"><a href=\"http:\/\/tschuggenweg.ch\/wp\/wp-content\/uploads\/2018\/12\/Whg14-30-2.jpg\" class=\"soliloquy-link\" title=\"Whg14-30-2\" rel=\"soliloquybox125\"><img decoding=\"async\" id=\"soliloquy-image-2715\" class=\"soliloquy-image soliloquy-image-1\" src=\"https:\/\/www.tschuggenweg.ch\/wp\/wp-content\/uploads\/2018\/12\/Whg14-30-2-1200x800_c.jpg\" alt=\"Whg14-30-2\" \/><\/a><\/li><li aria-hidden=\"true\" class=\"soliloquy-item soliloquy-item-2 soliloquy-id-2714 soliloquy-image-slide\" draggable=\"false\" style=\"list-style:none;\"><a href=\"http:\/\/tschuggenweg.ch\/wp\/wp-content\/uploads\/2018\/12\/Whg14-29.jpg\" class=\"soliloquy-link\" title=\"Whg14-29\" rel=\"soliloquybox125\"><img decoding=\"async\" id=\"soliloquy-image-2714\" class=\"soliloquy-image soliloquy-image-2\" src=\"https:\/\/www.tschuggenweg.ch\/wp\/wp-content\/uploads\/2018\/12\/Whg14-29-1200x800_c.jpg\" alt=\"Whg14-29\" \/><\/a><\/li><li aria-hidden=\"true\" class=\"soliloquy-item soliloquy-item-3 soliloquy-id-2707 soliloquy-image-slide\" draggable=\"false\" style=\"list-style:none;\"><a href=\"http:\/\/tschuggenweg.ch\/wp\/wp-content\/uploads\/2018\/12\/Whg14-01-2.jpg\" class=\"soliloquy-link\" title=\"Whg14-01-2\" rel=\"soliloquybox125\"><img decoding=\"async\" id=\"soliloquy-image-2707\" class=\"soliloquy-image soliloquy-image-3\" src=\"https:\/\/www.tschuggenweg.ch\/wp\/wp-content\/uploads\/2018\/12\/Whg14-01-2-1200x800_c.jpg\" alt=\"Whg14-01-2\" \/><\/a><\/li><li aria-hidden=\"true\" class=\"soliloquy-item soliloquy-item-4 soliloquy-id-2709 soliloquy-image-slide\" draggable=\"false\" style=\"list-style:none;\"><a href=\"http:\/\/tschuggenweg.ch\/wp\/wp-content\/uploads\/2018\/12\/Whg14-05-2.jpg\" class=\"soliloquy-link\" title=\"Whg14-05-2\" rel=\"soliloquybox125\"><img decoding=\"async\" id=\"soliloquy-image-2709\" class=\"soliloquy-image soliloquy-image-4\" src=\"https:\/\/www.tschuggenweg.ch\/wp\/wp-content\/uploads\/2018\/12\/Whg14-05-2-1200x800_c.jpg\" alt=\"Whg14-05-2\" \/><\/a><\/li><li aria-hidden=\"true\" class=\"soliloquy-item soliloquy-item-5 soliloquy-id-2712 soliloquy-image-slide\" draggable=\"false\" style=\"list-style:none;\"><a href=\"http:\/\/tschuggenweg.ch\/wp\/wp-content\/uploads\/2018\/12\/Whg14-15.jpg\" class=\"soliloquy-link\" title=\"Whg14-15\" rel=\"soliloquybox125\"><img decoding=\"async\" id=\"soliloquy-image-2712\" class=\"soliloquy-image soliloquy-image-5\" src=\"https:\/\/www.tschuggenweg.ch\/wp\/wp-content\/uploads\/2018\/12\/Whg14-15-1200x800_c.jpg\" alt=\"Whg14-15\" \/><\/a><\/li><li aria-hidden=\"true\" class=\"soliloquy-item soliloquy-item-6 soliloquy-id-2713 soliloquy-image-slide\" draggable=\"false\" style=\"list-style:none;\"><a href=\"http:\/\/tschuggenweg.ch\/wp\/wp-content\/uploads\/2018\/12\/Whg14-26.jpg\" class=\"soliloquy-link\" title=\"Whg14-26\" rel=\"soliloquybox125\"><img decoding=\"async\" id=\"soliloquy-image-2713\" class=\"soliloquy-image soliloquy-image-6\" src=\"https:\/\/www.tschuggenweg.ch\/wp\/wp-content\/uploads\/2018\/12\/Whg14-26-1200x800_c.jpg\" alt=\"Whg14-26\" \/><\/a><\/li><li aria-hidden=\"true\" class=\"soliloquy-item soliloquy-item-7 soliloquy-id-2710 soliloquy-image-slide\" draggable=\"false\" style=\"list-style:none;\"><a href=\"http:\/\/tschuggenweg.ch\/wp\/wp-content\/uploads\/2018\/12\/Whg14-13-2.jpg\" class=\"soliloquy-link\" title=\"Whg14-13-2\" rel=\"soliloquybox125\"><img decoding=\"async\" id=\"soliloquy-image-2710\" class=\"soliloquy-image soliloquy-image-7\" src=\"https:\/\/www.tschuggenweg.ch\/wp\/wp-content\/uploads\/2018\/12\/Whg14-13-2-1200x800_c.jpg\" alt=\"Whg14-13-2\" \/><\/a><\/li><li aria-hidden=\"true\" class=\"soliloquy-item soliloquy-item-8 soliloquy-id-2717 soliloquy-image-slide\" draggable=\"false\" style=\"list-style:none;\"><a href=\"http:\/\/tschuggenweg.ch\/wp\/wp-content\/uploads\/2018\/12\/Whg14-33-2.jpg\" class=\"soliloquy-link\" title=\"Whg14-33-2\" rel=\"soliloquybox125\"><img decoding=\"async\" id=\"soliloquy-image-2717\" class=\"soliloquy-image soliloquy-image-8\" src=\"https:\/\/www.tschuggenweg.ch\/wp\/wp-content\/uploads\/2018\/12\/Whg14-33-2-1200x800_c.jpg\" alt=\"Whg14-33-2\" \/><\/a><\/li><li aria-hidden=\"true\" class=\"soliloquy-item soliloquy-item-9 soliloquy-id-2718 soliloquy-image-slide\" draggable=\"false\" style=\"list-style:none;\"><a href=\"http:\/\/tschuggenweg.ch\/wp\/wp-content\/uploads\/2018\/12\/Whg14-35-2.jpg\" class=\"soliloquy-link\" title=\"Whg14-35-2\" rel=\"soliloquybox125\"><img decoding=\"async\" id=\"soliloquy-image-2718\" class=\"soliloquy-image soliloquy-image-9\" src=\"https:\/\/www.tschuggenweg.ch\/wp\/wp-content\/uploads\/2018\/12\/Whg14-35-2-1200x800_c.jpg\" alt=\"Whg14-35-2\" \/><\/a><\/li><li aria-hidden=\"true\" class=\"soliloquy-item soliloquy-item-10 soliloquy-id-2716 soliloquy-image-slide\" draggable=\"false\" style=\"list-style:none;\"><a href=\"http:\/\/tschuggenweg.ch\/wp\/wp-content\/uploads\/2018\/12\/Whg14-32.jpg\" class=\"soliloquy-link\" title=\"Whg14-32\" rel=\"soliloquybox125\"><img decoding=\"async\" id=\"soliloquy-image-2716\" class=\"soliloquy-image soliloquy-image-10\" src=\"https:\/\/www.tschuggenweg.ch\/wp\/wp-content\/uploads\/2018\/12\/Whg14-32-1200x800_c.jpg\" alt=\"Whg14-32\" \/><\/a><\/li><\/ul><\/div><noscript><style type=\"text\/css\">#soliloquy-container-125{opacity:1}#soliloquy-container-125 li > .soliloquy-caption{display:none}#soliloquy-container-125 li:first-child > .soliloquy-caption{display:block}<\/style><div class=\"soliloquy-no-js\" style=\"display:none;visibility:hidden;height:0;line-height:0;opacity:0;\"><img decoding=\"async\" class=\"soliloquy-image soliloquy-no-js-image\" src=\"https:\/\/www.tschuggenweg.ch\/wp\/wp-content\/uploads\/2018\/12\/Whg14-30-2.jpg\" alt=\"Whg14-30-2\" \/><img decoding=\"async\" class=\"soliloquy-image soliloquy-no-js-image\" src=\"https:\/\/www.tschuggenweg.ch\/wp\/wp-content\/uploads\/2018\/12\/Whg14-29.jpg\" alt=\"Whg14-29\" \/><img decoding=\"async\" class=\"soliloquy-image soliloquy-no-js-image\" src=\"https:\/\/www.tschuggenweg.ch\/wp\/wp-content\/uploads\/2018\/12\/Whg14-01-2.jpg\" alt=\"Whg14-01-2\" \/><img decoding=\"async\" class=\"soliloquy-image soliloquy-no-js-image\" src=\"https:\/\/www.tschuggenweg.ch\/wp\/wp-content\/uploads\/2018\/12\/Whg14-05-2.jpg\" alt=\"Whg14-05-2\" \/><img decoding=\"async\" class=\"soliloquy-image soliloquy-no-js-image\" src=\"https:\/\/www.tschuggenweg.ch\/wp\/wp-content\/uploads\/2018\/12\/Whg14-15.jpg\" alt=\"Whg14-15\" \/><img decoding=\"async\" class=\"soliloquy-image soliloquy-no-js-image\" src=\"https:\/\/www.tschuggenweg.ch\/wp\/wp-content\/uploads\/2018\/12\/Whg14-26.jpg\" alt=\"Whg14-26\" \/><img decoding=\"async\" class=\"soliloquy-image soliloquy-no-js-image\" src=\"https:\/\/www.tschuggenweg.ch\/wp\/wp-content\/uploads\/2018\/12\/Whg14-13-2.jpg\" alt=\"Whg14-13-2\" \/><img decoding=\"async\" class=\"soliloquy-image soliloquy-no-js-image\" src=\"https:\/\/www.tschuggenweg.ch\/wp\/wp-content\/uploads\/2018\/12\/Whg14-33-2.jpg\" alt=\"Whg14-33-2\" \/><img decoding=\"async\" class=\"soliloquy-image soliloquy-no-js-image\" src=\"https:\/\/www.tschuggenweg.ch\/wp\/wp-content\/uploads\/2018\/12\/Whg14-35-2.jpg\" alt=\"Whg14-35-2\" \/><img decoding=\"async\" class=\"soliloquy-image soliloquy-no-js-image\" src=\"https:\/\/www.tschuggenweg.ch\/wp\/wp-content\/uploads\/2018\/12\/Whg14-32.jpg\" alt=\"Whg14-32\" \/><\/div><\/noscript><\/div>\n<h2>2 \u00bd-Zimmer Ferienwohnung<a href=\"http:\/\/tschuggenweg.ch\/wp\/wp-content\/uploads\/2015\/09\/14.jpg\"><img loading=\"lazy\" decoding=\"async\" class=\"alignright wp-image-1027\" src=\"http:\/\/tschuggenweg.ch\/wp\/wp-content\/uploads\/2015\/09\/14-623x900.jpg\" alt=\"\" width=\"255\" height=\"369\" srcset=\"https:\/\/www.tschuggenweg.ch\/wp\/wp-content\/uploads\/2015\/09\/14-623x900.jpg 623w, https:\/\/www.tschuggenweg.ch\/wp\/wp-content\/uploads\/2015\/09\/14-127x184.jpg 127w, https:\/\/www.tschuggenweg.ch\/wp\/wp-content\/uploads\/2015\/09\/14.jpg 700w\" sizes=\"auto, (max-width: 255px) 100vw, 255px\" \/><\/a><\/h2>\n<h1>75 m2 Netto-Wohnfl\u00e4che, maximal 5 Personen<\/h1>\n<p style=\"text-align: justify;\">Einzige Wohnung im Dachgeschoss. S\u00fcd- und West-Lage. Die Wohnung hat einen abgetrennten Vorplatz mit Garderobe. Der grosse, hohe Wohnraum nach S\u00fcden hat Fenster bis unter die Dachschr\u00e4ge. Einbauk\u00fcche mit 3 Herdplatten, Backofen, Kapsel-Kaffeemaschine, Geschirrsp\u00fcler, grosser K\u00fchlschrank mit Tiefk\u00fchlfach. Flat-TV mit Radio und gratis W-Lan. Der Esstisch bietet Platz f\u00fcr 5 Personen. Chemin\u00e9e. S\u00fcdbalkon mit unverbauter Rundsicht. Das grosse Sofa l\u00e4sst sich problemlos in zwei vollwertige Schlafgelegenheiten verwandeln. Schlafzimmer nach Norden mit zwei Betten und einem Sofabett. Bad\/WC, zug\u00e4nglich vom Vorplatz, ohne das Wohnzimmer zu betreten. In allen R\u00e4umen sind Hartb\u00f6den verlegt.<\/p>\n<p style=\"text-align: center;\">\u00a0<\/p>\n\n\n<div class=\"wp-block-buttons is-layout-flex wp-block-buttons-is-layout-flex\">\n<div class=\"wp-block-button\"><a class=\"wp-block-button__link wp-element-button\" href=\"https:\/\/bergluft-arosa.ch\/ferienwohnung\/tschuggenweg-14\/\">Verf\u00fcgbarkeit und Buchung<\/a><\/div>\n<\/div>\n","protected":false},"excerpt":{"rendered":"<p>2 \u00bd-Zimmer Ferienwohnung 75 m2 Netto-Wohnfl\u00e4che, maximal 5 Personen Einzige Wohnung im Dachgeschoss. S\u00fcd- und West-Lage. Die Wohnung hat einen abgetrennten Vorplatz mit Garderobe. Der grosse, hohe Wohnraum nach S\u00fcden hat Fenster bis unter die Dachschr\u00e4ge. Einbauk\u00fcche mit 3 Herdplatten, Backofen, Kapsel-Kaffeemaschine, Geschirrsp\u00fcler, grosser K\u00fchlschrank mit Tiefk\u00fchlfach. Flat-TV mit Radio und gratis W-Lan. Der Esstisch &#8230; <a title=\"Wohnung 14\" class=\"read-more\" href=\"https:\/\/www.tschuggenweg.ch\/wp\/?page_id=65&#038;lang=de\" aria-label=\"Mehr Informationen \u00fcber Wohnung 14\">Weiterlesen<\/a><\/p>\n","protected":false},"author":1,"featured_media":0,"parent":0,"menu_order":0,"comment_status":"closed","ping_status":"closed","template":"","meta":{"generate_page_header":"","footnotes":""},"class_list":["post-65","page","type-page","status-publish"],"_links":{"self":[{"href":"https:\/\/www.tschuggenweg.ch\/wp\/index.php?rest_route=\/wp\/v2\/pages\/65","targetHints":{"allow":["GET"]}}],"collection":[{"href":"https:\/\/www.tschuggenweg.ch\/wp\/index.php?rest_route=\/wp\/v2\/pages"}],"about":[{"href":"https:\/\/www.tschuggenweg.ch\/wp\/index.php?rest_route=\/wp\/v2\/types\/page"}],"author":[{"embeddable":true,"href":"https:\/\/www.tschuggenweg.ch\/wp\/index.php?rest_route=\/wp\/v2\/users\/1"}],"replies":[{"embeddable":true,"href":"https:\/\/www.tschuggenweg.ch\/wp\/index.php?rest_route=%2Fwp%2Fv2%2Fcomments&post=65"}],"version-history":[{"count":90,"href":"https:\/\/www.tschuggenweg.ch\/wp\/index.php?rest_route=\/wp\/v2\/pages\/65\/revisions"}],"predecessor-version":[{"id":3168,"href":"https:\/\/www.tschuggenweg.ch\/wp\/index.php?rest_route=\/wp\/v2\/pages\/65\/revisions\/3168"}],"wp:attachment":[{"href":"https:\/\/www.tschuggenweg.ch\/wp\/index.php?rest_route=%2Fwp%2Fv2%2Fmedia&parent=65"}],"curies":[{"name":"wp","href":"https:\/\/api.w.org\/{rel}","templated":true}]}}