{"id":665,"date":"2015-11-05T10:00:57","date_gmt":"2015-11-05T10:00:57","guid":{"rendered":"http:\/\/tschuggenweg.ch\/wp\/?page_id=665"},"modified":"2025-11-11T09:42:16","modified_gmt":"2025-11-11T09:42:16","slug":"wohnung-10","status":"publish","type":"page","link":"https:\/\/www.tschuggenweg.ch\/wp\/?page_id=665&lang=de","title":{"rendered":"Wohnung 10"},"content":{"rendered":"<div class=\"soliloquy-outer-container\" data-soliloquy-loaded=\"0\"><div aria-live=\"polite\" id=\"soliloquy-container-925\" class=\"soliloquy-container soliloquy-transition-horizontal soliloquy-slide-horizontal soliloquy-arrows-active soliloquy-container-125margin40px0 soliloquy-theme-base\" style=\"max-width:1500px;max-height:800px;margin:0 auto 20px;\"><ul id=\"soliloquy-925\" class=\"soliloquy-slider soliloquy-slides soliloquy-wrap soliloquy-clear\"><li aria-hidden=\"true\" class=\"soliloquy-item soliloquy-item-1 soliloquy-id-2697 soliloquy-image-slide\" draggable=\"false\" style=\"list-style:none;\"><a href=\"http:\/\/tschuggenweg.ch\/wp\/wp-content\/uploads\/2018\/12\/Whg11-05-2.jpg\" class=\"soliloquy-link\" title=\"Whg11-05-2\" rel=\"soliloquybox925\"><img decoding=\"async\" id=\"soliloquy-image-2697\" class=\"soliloquy-image soliloquy-image-1\" src=\"https:\/\/www.tschuggenweg.ch\/wp\/wp-content\/uploads\/2018\/12\/Whg11-05-2-1500x1000_c.jpg\" alt=\"Whg11-05-2\" \/><\/a><\/li><li aria-hidden=\"true\" class=\"soliloquy-item soliloquy-item-2 soliloquy-id-2700 soliloquy-image-slide\" draggable=\"false\" style=\"list-style:none;\"><a href=\"http:\/\/tschuggenweg.ch\/wp\/wp-content\/uploads\/2018\/12\/Whg11-13-2.jpg\" class=\"soliloquy-link\" title=\"Whg11-13-2\" rel=\"soliloquybox925\"><img decoding=\"async\" id=\"soliloquy-image-2700\" class=\"soliloquy-image soliloquy-image-2\" src=\"https:\/\/www.tschuggenweg.ch\/wp\/wp-content\/uploads\/2018\/12\/Whg11-13-2-1500x1000_c.jpg\" alt=\"Whg11-13-2\" \/><\/a><\/li><li aria-hidden=\"true\" class=\"soliloquy-item soliloquy-item-3 soliloquy-id-2705 soliloquy-image-slide\" draggable=\"false\" style=\"list-style:none;\"><a href=\"http:\/\/tschuggenweg.ch\/wp\/wp-content\/uploads\/2018\/12\/Whg11-22-2-1.jpg\" class=\"soliloquy-link\" title=\"Whg11-22-2-1\" rel=\"soliloquybox925\"><img decoding=\"async\" id=\"soliloquy-image-2705\" class=\"soliloquy-image soliloquy-image-3\" src=\"https:\/\/www.tschuggenweg.ch\/wp\/wp-content\/uploads\/2018\/12\/Whg11-22-2-1-1500x1000_c.jpg\" alt=\"Whg11-22-2-1\" \/><\/a><\/li><li aria-hidden=\"true\" class=\"soliloquy-item soliloquy-item-4 soliloquy-id-2698 soliloquy-image-slide\" draggable=\"false\" style=\"list-style:none;\"><a href=\"http:\/\/tschuggenweg.ch\/wp\/wp-content\/uploads\/2018\/12\/Whg11-09.jpg\" class=\"soliloquy-link\" title=\"Whg11-09\" rel=\"soliloquybox925\"><img decoding=\"async\" id=\"soliloquy-image-2698\" class=\"soliloquy-image soliloquy-image-4\" src=\"https:\/\/www.tschuggenweg.ch\/wp\/wp-content\/uploads\/2018\/12\/Whg11-09-1500x1000_c.jpg\" alt=\"Whg11-09\" \/><\/a><\/li><li aria-hidden=\"true\" class=\"soliloquy-item soliloquy-item-5 soliloquy-id-932 soliloquy-image-slide\" draggable=\"false\" style=\"list-style:none;\"><a href=\"http:\/\/tschuggenweg.ch\/wp\/wp-content\/uploads\/2015\/11\/wohnung_10.jpg\" class=\"soliloquy-link\" title=\"wohnung_10\" rel=\"soliloquybox925\"><img decoding=\"async\" id=\"soliloquy-image-932\" class=\"soliloquy-image soliloquy-image-5\" src=\"https:\/\/www.tschuggenweg.ch\/wp\/wp-content\/uploads\/2015\/11\/wohnung_10-1500x1000_c.jpg\" alt=\"wohnung_10\" \/><\/a><\/li><li aria-hidden=\"true\" class=\"soliloquy-item soliloquy-item-6 soliloquy-id-2706 soliloquy-image-slide\" draggable=\"false\" style=\"list-style:none;\"><a href=\"http:\/\/tschuggenweg.ch\/wp\/wp-content\/uploads\/2018\/12\/Whg11-23.jpg\" class=\"soliloquy-link\" title=\"Whg11-23\" rel=\"soliloquybox925\"><img decoding=\"async\" id=\"soliloquy-image-2706\" class=\"soliloquy-image soliloquy-image-6\" src=\"https:\/\/www.tschuggenweg.ch\/wp\/wp-content\/uploads\/2018\/12\/Whg11-23-1500x1000_c.jpg\" alt=\"Whg11-23\" \/><\/a><\/li><li aria-hidden=\"true\" class=\"soliloquy-item soliloquy-item-7 soliloquy-id-2701 soliloquy-image-slide\" draggable=\"false\" style=\"list-style:none;\"><a href=\"http:\/\/tschuggenweg.ch\/wp\/wp-content\/uploads\/2018\/12\/Whg11-14-2.jpg\" class=\"soliloquy-link\" title=\"Whg11-14-2\" rel=\"soliloquybox925\"><img decoding=\"async\" id=\"soliloquy-image-2701\" class=\"soliloquy-image soliloquy-image-7\" src=\"https:\/\/www.tschuggenweg.ch\/wp\/wp-content\/uploads\/2018\/12\/Whg11-14-2-1500x1000_c.jpg\" alt=\"Whg11-14-2\" \/><\/a><\/li><li aria-hidden=\"true\" class=\"soliloquy-item soliloquy-item-8 soliloquy-id-2696 soliloquy-image-slide\" draggable=\"false\" style=\"list-style:none;\"><a href=\"http:\/\/tschuggenweg.ch\/wp\/wp-content\/uploads\/2018\/12\/Whg11-02.jpg\" class=\"soliloquy-link\" title=\"Whg11-02\" rel=\"soliloquybox925\"><img decoding=\"async\" id=\"soliloquy-image-2696\" class=\"soliloquy-image soliloquy-image-8\" src=\"https:\/\/www.tschuggenweg.ch\/wp\/wp-content\/uploads\/2018\/12\/Whg11-02-1500x1000_c.jpg\" alt=\"Whg11-02\" \/><\/a><\/li><\/ul><\/div><noscript><style type=\"text\/css\">#soliloquy-container-925{opacity:1}#soliloquy-container-925 li > .soliloquy-caption{display:none}#soliloquy-container-925 li:first-child > .soliloquy-caption{display:block}<\/style><div class=\"soliloquy-no-js\" style=\"display:none;visibility:hidden;height:0;line-height:0;opacity:0;\"><img decoding=\"async\" class=\"soliloquy-image soliloquy-no-js-image\" src=\"https:\/\/www.tschuggenweg.ch\/wp\/wp-content\/uploads\/2018\/12\/Whg11-05-2.jpg\" alt=\"Whg11-05-2\" \/><img decoding=\"async\" class=\"soliloquy-image soliloquy-no-js-image\" src=\"https:\/\/www.tschuggenweg.ch\/wp\/wp-content\/uploads\/2018\/12\/Whg11-13-2.jpg\" alt=\"Whg11-13-2\" \/><img decoding=\"async\" class=\"soliloquy-image soliloquy-no-js-image\" src=\"https:\/\/www.tschuggenweg.ch\/wp\/wp-content\/uploads\/2018\/12\/Whg11-22-2-1.jpg\" alt=\"Whg11-22-2-1\" \/><img decoding=\"async\" class=\"soliloquy-image soliloquy-no-js-image\" src=\"https:\/\/www.tschuggenweg.ch\/wp\/wp-content\/uploads\/2018\/12\/Whg11-09.jpg\" alt=\"Whg11-09\" \/><img decoding=\"async\" class=\"soliloquy-image soliloquy-no-js-image\" src=\"https:\/\/www.tschuggenweg.ch\/wp\/wp-content\/uploads\/2015\/11\/wohnung_10.jpg\" alt=\"wohnung_10\" \/><img decoding=\"async\" class=\"soliloquy-image soliloquy-no-js-image\" src=\"https:\/\/www.tschuggenweg.ch\/wp\/wp-content\/uploads\/2018\/12\/Whg11-23.jpg\" alt=\"Whg11-23\" \/><img decoding=\"async\" class=\"soliloquy-image soliloquy-no-js-image\" src=\"https:\/\/www.tschuggenweg.ch\/wp\/wp-content\/uploads\/2018\/12\/Whg11-14-2.jpg\" alt=\"Whg11-14-2\" \/><img decoding=\"async\" class=\"soliloquy-image soliloquy-no-js-image\" src=\"https:\/\/www.tschuggenweg.ch\/wp\/wp-content\/uploads\/2018\/12\/Whg11-02.jpg\" alt=\"Whg11-02\" \/><\/div><\/noscript><\/div>\n\n\n\n<h2 class=\"wp-block-heading\"><b>2\u2013Zimmer\u2013Ferienwohnung<\/b><\/h2>\n\n\n\n<h2 class=\"wp-block-heading\">&nbsp;<\/h2>\n\n\n\n<h1 class=\"wp-block-heading\">44 m2 Nettowohnfl\u00e4che<br>Maximalbelegung 4 Personen<\/h1>\n\n\n\n<h2 class=\"wp-block-heading\">&nbsp;<\/h2>\n\n\n\n<p>Im 3. Stock nach S\u00fcden und Westen gerichtet. Vorplatz mit Einbauschrank, Kochnische mit neuem Herd und Backofen, Geschirrsp\u00fcler, Nespresso Kaffeemaschine. Grosser K\u00fchlschrank mit Tiefk\u00fchlfach, Wohnzimmer mit Polstergruppe, Flat-TV mit Radio und gratis W-Lan. Eingeglaste Veranda mit Esstisch sowie einem Wandklappbett bestehend aus 2 einzelnen Betten. Ein separates, kleines Schlafzimmer nach Westen mit zwei getrennt stehenden Betten, kleine Dusche mit WC und Lavabo.<\/p>\n\n\n\n<p><img loading=\"lazy\" decoding=\"async\" class=\"size-full wp-image-3145\" src=\"https:\/\/www.tschuggenweg.ch\/wp\/wp-content\/uploads\/2025\/11\/Bildschirmfoto-2025-11-11-um-10.25.01.jpg\" alt=\"\" width=\"454\" height=\"488\" srcset=\"https:\/\/www.tschuggenweg.ch\/wp\/wp-content\/uploads\/2025\/11\/Bildschirmfoto-2025-11-11-um-10.25.01.jpg 454w, https:\/\/www.tschuggenweg.ch\/wp\/wp-content\/uploads\/2025\/11\/Bildschirmfoto-2025-11-11-um-10.25.01-171x184.jpg 171w\" sizes=\"auto, (max-width: 454px) 100vw, 454px\" \/><\/p>\n\n\n\n\n\n<p><\/p>\n\n\n\n<div class=\"wp-block-buttons is-layout-flex wp-container-core-buttons-is-layout-132b0da8 wp-block-buttons-is-layout-flex\">\n<div class=\"wp-block-button\"><a class=\"wp-block-button__link wp-element-button\" href=\"https:\/\/bergluft-arosa.ch\/ferienwohnung\/tschuggenweg-10\/\">Verf\u00fcgbarkeit und Buchung<\/a><\/div>\n<\/div>\n\n\n\n<p>&nbsp;<\/p>\n<p>&nbsp;<\/p>\n<p>&nbsp;<\/p>\n\n\n\n\n\n\n\n\n\n\n\n\n\n\n\n\n\n\n\n\n\n\n","protected":false},"excerpt":{"rendered":"<p>2\u2013Zimmer\u2013Ferienwohnung &nbsp; 44 m2 Nettowohnfl\u00e4cheMaximalbelegung 4 Personen &nbsp; Im 3. Stock nach S\u00fcden und Westen gerichtet. Vorplatz mit Einbauschrank, Kochnische mit neuem Herd und Backofen, Geschirrsp\u00fcler, Nespresso Kaffeemaschine. Grosser K\u00fchlschrank mit Tiefk\u00fchlfach, Wohnzimmer mit Polstergruppe, Flat-TV mit Radio und gratis W-Lan. Eingeglaste Veranda mit Esstisch sowie einem Wandklappbett bestehend aus 2 einzelnen Betten. Ein separates, &#8230; <a title=\"Wohnung 10\" class=\"read-more\" href=\"https:\/\/www.tschuggenweg.ch\/wp\/?page_id=665&#038;lang=de\" aria-label=\"Mehr Informationen \u00fcber Wohnung 10\">Weiterlesen<\/a><\/p>\n","protected":false},"author":1,"featured_media":0,"parent":0,"menu_order":0,"comment_status":"closed","ping_status":"closed","template":"","meta":{"generate_page_header":"","footnotes":""},"class_list":["post-665","page","type-page","status-publish"],"_links":{"self":[{"href":"https:\/\/www.tschuggenweg.ch\/wp\/index.php?rest_route=\/wp\/v2\/pages\/665","targetHints":{"allow":["GET"]}}],"collection":[{"href":"https:\/\/www.tschuggenweg.ch\/wp\/index.php?rest_route=\/wp\/v2\/pages"}],"about":[{"href":"https:\/\/www.tschuggenweg.ch\/wp\/index.php?rest_route=\/wp\/v2\/types\/page"}],"author":[{"embeddable":true,"href":"https:\/\/www.tschuggenweg.ch\/wp\/index.php?rest_route=\/wp\/v2\/users\/1"}],"replies":[{"embeddable":true,"href":"https:\/\/www.tschuggenweg.ch\/wp\/index.php?rest_route=%2Fwp%2Fv2%2Fcomments&post=665"}],"version-history":[{"count":55,"href":"https:\/\/www.tschuggenweg.ch\/wp\/index.php?rest_route=\/wp\/v2\/pages\/665\/revisions"}],"predecessor-version":[{"id":3162,"href":"https:\/\/www.tschuggenweg.ch\/wp\/index.php?rest_route=\/wp\/v2\/pages\/665\/revisions\/3162"}],"wp:attachment":[{"href":"https:\/\/www.tschuggenweg.ch\/wp\/index.php?rest_route=%2Fwp%2Fv2%2Fmedia&parent=665"}],"curies":[{"name":"wp","href":"https:\/\/api.w.org\/{rel}","templated":true}]}}