{"id":720,"date":"2015-11-05T14:48:18","date_gmt":"2015-11-05T14:48:18","guid":{"rendered":"http:\/\/tschuggenweg.ch\/wp\/?page_id=720"},"modified":"2022-12-15T16:48:42","modified_gmt":"2022-12-15T16:48:42","slug":"lage","status":"publish","type":"page","link":"https:\/\/www.tschuggenweg.ch\/wp\/?page_id=720&lang=de","title":{"rendered":"Lage"},"content":{"rendered":"<p><strong>Lage<\/strong><\/p>\n<p>An der Sonnenbergstrasse zwischen Tschuggen Grandhotel und Hotel Bellavista. Erh\u00f6ht, aussichtsreich und ruhig gelegen. 5 Gehminuten zum Zentrum, 6 Gehminuten zu Parkgarage Innerarosa mit Kinderskischule und der Kulm-Gondelbahn auf den Tschuggen. Im Sommer finden Sie an gleicher Stelle einen Kinderspiel- und Tennisplatz. Direkt vor der Haust\u00fcre beginnen die verkehrsfreien Spazier- und Wanderwege, f\u00fcr die Arosa so ber\u00fchmt ist. Beim Haus enden Schlittelbahn und Heimfahrtspiste.<\/p>\n<p><iframe loading=\"lazy\" style=\"border: 0;\" src=\"https:\/\/www.google.com\/maps\/embed?pb=!1m18!1m12!1m3!1d3429.723408290558!2d9.671607453169232!3d46.77684508631642!2m3!1f0!2f0!3f0!3m2!1i1024!2i768!4f13.1!3m3!1m2!1s0x4784bcf70fbb5357%3A0xf668dfa7e69571!2sTschuggenweg%2C+Chalet%2C+7050+Arosa!5e1!3m2!1sde!2sch!4v1447061981384\" width=\"100%\" height=\"500\" frameborder=\"0\" allowfullscreen=\"allowfullscreen\"><\/iframe><\/p>\n<p><strong>Anfahrt mit der Bahn:<\/strong><\/p>\n<p>Mit dem Taxi zum Hotel &#8222;Pension Mezzaprada&#8220;, wo Sie s\u00e4mtliche Formalit\u00e4ten erledigen, alle weiteren Informationen und die Schl\u00fcssel zur Ferienwohnung erhalten. Das Taxi bringt sie dann ins Chalet Tschuggenweg.<\/p>\n<p><strong>Mit dem Auto:<\/strong><\/p>\n<p>Ab Ortseingang Arosa die Poststrasse nach Inner-Arosa bis zur Bushaltestelle &#8222;Kulm&#8220;. Gelben Wegweiser &#8222;Pension Mezzaprada&#8220; beachten. Rechts in die Anlieger-Strasse einbiegen.<br \/>\nHier erledigen Sie s\u00e4mtliche Formalit\u00e4ten, erhalten alle weiteren Informationen sowie die Schl\u00fcssel zur Ferienwohnung.<\/p>\n<p>Die Zufahrt zum Chalet Tschuggenweg kann ausschliesslich \u00fcber die Sonnenbergstrasse, Hausnummer 15, erfolgen. F\u00fcr den Zugang bei Anreise mit dem Taxi, oder mit dem \u00f6ffentlichen Verkehr und zu Fuss, empfiehlt sich der gleiche Weg.<\/p>\n","protected":false},"excerpt":{"rendered":"<p>Lage An der Sonnenbergstrasse zwischen Tschuggen Grandhotel und Hotel Bellavista. Erh\u00f6ht, aussichtsreich und ruhig gelegen. 5 Gehminuten zum Zentrum, 6 Gehminuten zu Parkgarage Innerarosa mit Kinderskischule und der Kulm-Gondelbahn auf den Tschuggen. Im Sommer finden Sie an gleicher Stelle einen Kinderspiel- und Tennisplatz. Direkt vor der Haust\u00fcre beginnen die verkehrsfreien Spazier- und Wanderwege, f\u00fcr die &#8230; <a title=\"Lage\" class=\"read-more\" href=\"https:\/\/www.tschuggenweg.ch\/wp\/?page_id=720&#038;lang=de\" aria-label=\"Mehr Informationen \u00fcber Lage\">Weiterlesen<\/a><\/p>\n","protected":false},"author":1,"featured_media":0,"parent":0,"menu_order":0,"comment_status":"closed","ping_status":"closed","template":"","meta":{"generate_page_header":"","footnotes":""},"class_list":["post-720","page","type-page","status-publish"],"_links":{"self":[{"href":"https:\/\/www.tschuggenweg.ch\/wp\/index.php?rest_route=\/wp\/v2\/pages\/720","targetHints":{"allow":["GET"]}}],"collection":[{"href":"https:\/\/www.tschuggenweg.ch\/wp\/index.php?rest_route=\/wp\/v2\/pages"}],"about":[{"href":"https:\/\/www.tschuggenweg.ch\/wp\/index.php?rest_route=\/wp\/v2\/types\/page"}],"author":[{"embeddable":true,"href":"https:\/\/www.tschuggenweg.ch\/wp\/index.php?rest_route=\/wp\/v2\/users\/1"}],"replies":[{"embeddable":true,"href":"https:\/\/www.tschuggenweg.ch\/wp\/index.php?rest_route=%2Fwp%2Fv2%2Fcomments&post=720"}],"version-history":[{"count":36,"href":"https:\/\/www.tschuggenweg.ch\/wp\/index.php?rest_route=\/wp\/v2\/pages\/720\/revisions"}],"predecessor-version":[{"id":2980,"href":"https:\/\/www.tschuggenweg.ch\/wp\/index.php?rest_route=\/wp\/v2\/pages\/720\/revisions\/2980"}],"wp:attachment":[{"href":"https:\/\/www.tschuggenweg.ch\/wp\/index.php?rest_route=%2Fwp%2Fv2%2Fmedia&parent=720"}],"curies":[{"name":"wp","href":"https:\/\/api.w.org\/{rel}","templated":true}]}}